{"id":888,"date":"2018-07-02T16:58:43","date_gmt":"2018-07-02T14:58:43","guid":{"rendered":"http:\/\/37.153.88.194\/~mv17web51\/?page_id=888"},"modified":"2019-03-21T16:36:11","modified_gmt":"2019-03-21T14:36:11","slug":"kontakt","status":"publish","type":"page","link":"https:\/\/globalcamping.es\/de\/kontakt\/","title":{"rendered":"Kontakt"},"content":{"rendered":"<p>[et_pb_section bb_built=&#8220;1&#8243; admin_label=&#8220;Header Section&#8220; background_color=&#8220;#000000&#8243; fullwidth=&#8220;on&#8220; _builder_version=&#8220;3.6&#8243; custom_padding=&#8220;|||&#8220; locked=&#8220;off&#8220; next_background_color=&#8220;#e3f0f7&#8243;][et_pb_fullwidth_header admin_label=&#8220;Contents&#8220; title=&#8220;Kontakt&#8220; subhead=&#8220;GLOBAL C\u00c0MPING: mehr als Arbeit &#8211; eine Tradition&#8220; text_orientation=&#8220;center&#8220; scroll_down_icon_color=&#8220;#ffffff&#8220; background_overlay_color=&#8220;rgba(0,0,0,0.4)&#8220; content_max_width_last_edited=&#8220;off|desktop&#8220; _builder_version=&#8220;3.21&#8243; title_font=&#8220;Oswald|||on|&#8220; title_text_align=&#8220;center&#8220; title_font_size=&#8220;80px&#8220; title_font_size_phone=&#8220;40px&#8220; title_font_size_last_edited=&#8220;on|phone&#8220; title_letter_spacing=&#8220;0.1em&#8220; title_line_height=&#8220;1.5em&#8220; content_line_height=&#8220;1.7em&#8220; subhead_font=&#8220;Nunito|600|||||||&#8220; subhead_font_size=&#8220;20px&#8220; subhead_line_height=&#8220;1.9em&#8220; background_image=&#8220;http:\/\/globalcamping.es\/wp-content\/uploads\/2018\/06\/fondo-virametallics6.jpg&#8220; parallax=&#8220;on&#8220; parallax_method=&#8220;on&#8220; custom_margin=&#8220;|||&#8220; custom_padding=&#8220;5%||5%|&#8220; custom_button_one=&#8220;on&#8220; button_one_text_size=&#8220;15px&#8220; button_one_bg_color=&#8220;#dca57d&#8220; button_one_border_width=&#8220;10px&#8220; button_one_border_color=&#8220;#dca57d&#8220; button_one_border_radius=&#8220;0px&#8220; button_one_letter_spacing=&#8220;3px&#8220; button_one_font=&#8220;Oswald|||on|&#8220; button_one_use_icon=&#8220;off&#8220; animation_style=&#8220;fade&#8220; animation_starting_opacity=&#8220;50%&#8220; animation_speed_curve=&#8220;ease-in&#8220; title_font_size_tablet=&#8220;60px&#8220; button_one_text_size__hover_enabled=&#8220;off&#8220; button_one_text_size__hover=&#8220;null&#8220; button_two_text_size__hover_enabled=&#8220;off&#8220; button_two_text_size__hover=&#8220;null&#8220; button_one_text_color__hover_enabled=&#8220;off&#8220; button_one_text_color__hover=&#8220;null&#8220; button_two_text_color__hover_enabled=&#8220;off&#8220; button_two_text_color__hover=&#8220;null&#8220; button_one_border_width__hover_enabled=&#8220;off&#8220; button_one_border_width__hover=&#8220;null&#8220; button_two_border_width__hover_enabled=&#8220;off&#8220; button_two_border_width__hover=&#8220;null&#8220; button_one_border_color__hover_enabled=&#8220;on&#8220; button_one_border_color__hover=&#8220;#c99872&#8243; button_two_border_color__hover_enabled=&#8220;off&#8220; button_two_border_color__hover=&#8220;null&#8220; button_one_border_radius__hover_enabled=&#8220;on&#8220; button_one_border_radius__hover=&#8220;0px&#8220; button_two_border_radius__hover_enabled=&#8220;off&#8220; button_two_border_radius__hover=&#8220;null&#8220; button_one_letter_spacing__hover_enabled=&#8220;on&#8220; button_one_letter_spacing__hover=&#8220;3px&#8220; button_two_letter_spacing__hover_enabled=&#8220;off&#8220; button_two_letter_spacing__hover=&#8220;null&#8220; button_one_bg_color__hover_enabled=&#8220;on&#8220; button_one_bg_color__hover=&#8220;#c99872&#8243; button_two_bg_color__hover_enabled=&#8220;off&#8220; button_two_bg_color__hover=&#8220;null&#8220; \/][\/et_pb_section][et_pb_section bb_built=&#8220;1&#8243; fullwidth=&#8220;on&#8220; specialty=&#8220;off&#8220; prev_background_color=&#8220;#000000&#8243; next_background_color=&#8220;#ffffff&#8220; _builder_version=&#8220;3.21&#8243; custom_margin=&#8220;||0px|&#8220; custom_padding=&#8220;||0px|&#8220; background_color=&#8220;#e3f0f7&#8243;][et_pb_fullwidth_code _builder_version=&#8220;3.21&#8243; custom_margin=&#8220;||0px|&#8220; custom_padding=&#8220;||0px|&#8220;]<iframe loading=\"lazy\" src=\"https:\/\/www.google.com\/maps\/embed?pb=!1m18!1m12!1m3!1d2989.9467625700327!2d1.950541315806095!3d41.46206997925741!2m3!1f0!2f0!3f0!3m2!1i1024!2i768!4f13.1!3m3!1m2!1s0x12a48fab9f70147b%3A0x9d56248ebcf0e921!2sCarrer+Qu%C3%ADmica%2C+3%2C+08740+Sant+Andreu+de+la+Barca%2C+Barcelona!5e0!3m2!1ses!2ses!4v1553158814451\" width=\"100%\" height=\"460\" frameborder=\"0\" style=\"border:0\" allowfullscreen><\/iframe>[\/et_pb_fullwidth_code][\/et_pb_section][et_pb_section bb_built=&#8220;1&#8243; admin_label=&#8220;Footer&#8220; _builder_version=&#8220;3.21&#8243; background_color_gradient_direction=&#8220;90deg&#8220; background_image=&#8220;http:\/\/globalcamping.es\/wp-content\/uploads\/2018\/06\/fondo-virametallics1.jpg&#8220; parallax=&#8220;on&#8220; custom_padding=&#8220;0px|0px|0px|0px&#8220; saved_tabs=&#8220;all&#8220; prev_background_color=&#8220;#e3f0f7&#8243; next_background_color=&#8220;#ffffff&#8220;][et_pb_row admin_label=&#8220;Footer Row&#8220; make_fullwidth=&#8220;on&#8220; use_custom_gutter=&#8220;on&#8220; gutter_width=&#8220;1&#8243; custom_padding=&#8220;0px|0px|0px|0px&#8220; custom_margin=&#8220;|||&#8220; make_equal=&#8220;on&#8220; background_color_1=&#8220;rgba(0,0,0,0.6)&#8220; background_color_2=&#8220;#000000&#8243; padding_top_1=&#8220;100px&#8220; padding_right_1=&#8220;10%&#8220; padding_bottom_1=&#8220;100px&#8220; padding_left_1=&#8220;10%&#8220; padding_top_2=&#8220;100px&#8220; padding_right_2=&#8220;10%&#8220; padding_bottom_2=&#8220;100px&#8220; padding_left_2=&#8220;10%&#8220; padding_1_last_edited=&#8220;on|phone&#8220; _builder_version=&#8220;3.6&#8243; animation_style=&#8220;fade&#8220;][et_pb_column type=&#8220;1_2&#8243;][et_pb_text admin_label=&#8220;Tittle&#8220; background_layout=&#8220;dark&#8220; _builder_version=&#8220;3.8.1&#8243; text_font=&#8220;Oswald||||&#8220; header_2_font=&#8220;Oswald|||on|||||&#8220; header_2_text_align=&#8220;left&#8220; header_2_font_size=&#8220;40px&#8220; header_2_letter_spacing=&#8220;2px&#8220; header_2_line_height=&#8220;1.5em&#8220; custom_margin=&#8220;||4%|&#8220; locked=&#8220;off&#8220;]<\/p>\n<h2>Schreib uns<\/h2>\n<p>[\/et_pb_text][et_pb_contact_form _builder_version=&#8220;3.21&#8243; email=&#8220;info@globalcamping.es&#8220; captcha=&#8220;off&#8220; form_background_color=&#8220;rgba(255,255,255,0.8)&#8220; form_field_text_color=&#8220;#000000&#8243;][et_pb_contact_field field_title=&#8220;Name&#8220; field_type=&#8220;input&#8220; field_id=&#8220;Name&#8220; required_mark=&#8220;on&#8220; fullwidth_field=&#8220;off&#8220; _builder_version=&#8220;3.8.1&#8243; checkbox_checked=&#8220;off&#8220; checkbox_options=&#8220;%91{%22value%22:%22Nombre%22,%22checked%22:0}%93&#8243; radio_options=&#8220;%91{%22value%22:%22Nombre%22,%22checked%22:0}%93&#8243; select_options=&#8220;%91{%22value%22:%22Nombre%22,%22checked%22:0}%93&#8243; min_length=&#8220;0&#8243; max_length=&#8220;0&#8243; allowed_symbols=&#8220;all&#8220; conditional_logic=&#8220;off&#8220; conditional_logic_relation=&#8220;off&#8220; conditional_logic_rules=&#8220;%91{%22field%22:%22email%22,%22condition%22:%22is%22,%22value%22:%22%22}%93&#8243; use_background_color_gradient=&#8220;off&#8220; background_color_gradient_start=&#8220;#2b87da&#8220; background_color_gradient_end=&#8220;#29c4a9&#8243; background_color_gradient_type=&#8220;linear&#8220; background_color_gradient_direction=&#8220;180deg&#8220; background_color_gradient_direction_radial=&#8220;center&#8220; background_color_gradient_start_position=&#8220;0%&#8220; background_color_gradient_end_position=&#8220;100%&#8220; background_color_gradient_overlays_image=&#8220;off&#8220; parallax=&#8220;off&#8220; parallax_method=&#8220;on&#8220; background_size=&#8220;cover&#8220; background_position=&#8220;center&#8220; background_repeat=&#8220;no-repeat&#8220; background_blend=&#8220;normal&#8220; allow_player_pause=&#8220;off&#8220; background_video_pause_outside_viewport=&#8220;on&#8220; form_field_text_shadow_style=&#8220;none&#8220; box_shadow_style=&#8220;none&#8220; \/][et_pb_contact_field field_title=&#8220;Email&#8220; field_type=&#8220;email&#8220; field_id=&#8220;Email&#8220; required_mark=&#8220;on&#8220; fullwidth_field=&#8220;off&#8220; _builder_version=&#8220;3.8.1&#8243; checkbox_checked=&#8220;off&#8220; checkbox_options=&#8220;%91{%22value%22:%22Direcci\u00f3n de correo electr\u00f3nico%22,%22checked%22:0}%93&#8243; radio_options=&#8220;%91{%22value%22:%22Direcci\u00f3n de correo electr\u00f3nico%22,%22checked%22:0}%93&#8243; select_options=&#8220;%91{%22value%22:%22Direcci\u00f3n de correo electr\u00f3nico%22,%22checked%22:0}%93&#8243; min_length=&#8220;0&#8243; max_length=&#8220;0&#8243; allowed_symbols=&#8220;all&#8220; conditional_logic=&#8220;off&#8220; conditional_logic_relation=&#8220;off&#8220; conditional_logic_rules=&#8220;%91{%22field%22:%22name%22,%22condition%22:%22is%22,%22value%22:%22%22}%93&#8243; use_background_color_gradient=&#8220;off&#8220; background_color_gradient_start=&#8220;#2b87da&#8220; background_color_gradient_end=&#8220;#29c4a9&#8243; background_color_gradient_type=&#8220;linear&#8220; background_color_gradient_direction=&#8220;180deg&#8220; background_color_gradient_direction_radial=&#8220;center&#8220; background_color_gradient_start_position=&#8220;0%&#8220; background_color_gradient_end_position=&#8220;100%&#8220; background_color_gradient_overlays_image=&#8220;off&#8220; parallax=&#8220;off&#8220; parallax_method=&#8220;on&#8220; background_size=&#8220;cover&#8220; background_position=&#8220;center&#8220; background_repeat=&#8220;no-repeat&#8220; background_blend=&#8220;normal&#8220; allow_player_pause=&#8220;off&#8220; background_video_pause_outside_viewport=&#8220;on&#8220; form_field_text_shadow_style=&#8220;none&#8220; box_shadow_style=&#8220;none&#8220; \/][et_pb_contact_field _builder_version=&#8220;3.8.1&#8243; field_id=&#8220;phone&#8220; field_title=&#8220;Telefon&#8220; field_type=&#8220;input&#8220; checkbox_checked=&#8220;off&#8220; checkbox_options=&#8220;%91{%22value%22:%22%22,%22checked%22:0}%93&#8243; radio_options=&#8220;%91{%22value%22:%22%22,%22checked%22:0}%93&#8243; select_options=&#8220;%91{%22value%22:%22%22,%22checked%22:0}%93&#8243; min_length=&#8220;0&#8243; max_length=&#8220;0&#8243; allowed_symbols=&#8220;all&#8220; required_mark=&#8220;on&#8220; conditional_logic=&#8220;off&#8220; conditional_logic_relation=&#8220;off&#8220; conditional_logic_rules=&#8220;%91{%22field%22:%22name%22,%22condition%22:%22is%22,%22value%22:%22%22}%93&#8243; use_background_color_gradient=&#8220;off&#8220; background_color_gradient_start=&#8220;#2b87da&#8220; background_color_gradient_end=&#8220;#29c4a9&#8243; background_color_gradient_type=&#8220;linear&#8220; background_color_gradient_direction=&#8220;180deg&#8220; background_color_gradient_direction_radial=&#8220;center&#8220; background_color_gradient_start_position=&#8220;0%&#8220; background_color_gradient_end_position=&#8220;100%&#8220; background_color_gradient_overlays_image=&#8220;off&#8220; parallax=&#8220;off&#8220; parallax_method=&#8220;on&#8220; background_size=&#8220;cover&#8220; background_position=&#8220;center&#8220; background_repeat=&#8220;no-repeat&#8220; background_blend=&#8220;normal&#8220; allow_player_pause=&#8220;off&#8220; background_video_pause_outside_viewport=&#8220;on&#8220; fullwidth_field=&#8220;off&#8220; form_field_text_shadow_style=&#8220;none&#8220; box_shadow_style=&#8220;none&#8220; form_field_text_shadow_horizontal_length=&#8220;0em&#8220; form_field_text_shadow_vertical_length=&#8220;0em&#8220; form_field_text_shadow_blur_strength=&#8220;0em&#8220; \/][et_pb_contact_field field_title=&#8220;Nachricht&#8220; field_type=&#8220;text&#8220; field_id=&#8220;Message&#8220; required_mark=&#8220;on&#8220; fullwidth_field=&#8220;on&#8220; _builder_version=&#8220;3.8.1&#8243; checkbox_checked=&#8220;off&#8220; checkbox_options=&#8220;%91{%22value%22:%22Mensaje%22,%22checked%22:0}%93&#8243; radio_options=&#8220;%91{%22value%22:%22Mensaje%22,%22checked%22:0}%93&#8243; select_options=&#8220;%91{%22value%22:%22Mensaje%22,%22checked%22:0}%93&#8243; min_length=&#8220;0&#8243; max_length=&#8220;0&#8243; allowed_symbols=&#8220;all&#8220; conditional_logic=&#8220;off&#8220; conditional_logic_relation=&#8220;off&#8220; conditional_logic_rules=&#8220;%91{%22field%22:%22name%22,%22condition%22:%22is%22,%22value%22:%22%22}%93&#8243; use_background_color_gradient=&#8220;off&#8220; background_color_gradient_start=&#8220;#2b87da&#8220; background_color_gradient_end=&#8220;#29c4a9&#8243; background_color_gradient_type=&#8220;linear&#8220; background_color_gradient_direction=&#8220;180deg&#8220; background_color_gradient_direction_radial=&#8220;center&#8220; background_color_gradient_start_position=&#8220;0%&#8220; background_color_gradient_end_position=&#8220;100%&#8220; background_color_gradient_overlays_image=&#8220;off&#8220; parallax=&#8220;off&#8220; parallax_method=&#8220;on&#8220; background_size=&#8220;cover&#8220; background_position=&#8220;center&#8220; background_repeat=&#8220;no-repeat&#8220; background_blend=&#8220;normal&#8220; allow_player_pause=&#8220;off&#8220; background_video_pause_outside_viewport=&#8220;on&#8220; form_field_text_shadow_style=&#8220;none&#8220; box_shadow_style=&#8220;none&#8220; \/][\/et_pb_contact_form][\/et_pb_column][et_pb_column type=&#8220;1_2&#8243;][et_pb_text admin_label=&#8220;pie-contacto1-ALEM&#8220; background_layout=&#8220;dark&#8220; _builder_version=&#8220;3.8.1&#8243; text_font=&#8220;Oswald||||&#8220; header_2_font=&#8220;Oswald|||on|||||&#8220; header_2_text_align=&#8220;left&#8220; header_2_font_size=&#8220;40px&#8220; header_2_letter_spacing=&#8220;2px&#8220; header_2_line_height=&#8220;1.5em&#8220; custom_margin=&#8220;||4%|&#8220; custom_padding=&#8220;|||&#8220; saved_tabs=&#8220;all&#8220; global_module=&#8220;870&#8243;]<\/p>\n<h2>Kontakt<\/h2>\n<p>[\/et_pb_text][et_pb_text admin_label=&#8220;pie-contacto2-ALEM&#8220; background_layout=&#8220;dark&#8220; _builder_version=&#8220;3.8.1&#8243; text_font=&#8220;Nunito||||&#8220; text_font_size=&#8220;16px&#8220; header_font=&#8220;Oswald|||on|&#8220; header_font_size=&#8220;16px&#8220; header_text_color=&#8220;#f0ce2b&#8220; header_letter_spacing=&#8220;2px&#8220; header_line_height=&#8220;1.7em&#8220; header_4_font=&#8220;Oswald|||on|||||&#8220; header_4_font_size=&#8220;16px&#8220; header_4_text_color=&#8220;#f0ce2b&#8220; header_4_letter_spacing=&#8220;1px&#8220; header_4_line_height=&#8220;1.5em&#8220; custom_margin=&#8220;||6%|&#8220; header_font_size_last_edited=&#8220;on|desktop&#8220; header_6_font=&#8220;Oswald|||on|||||&#8220; header_6_text_color=&#8220;#f0ce2b&#8220; saved_tabs=&#8220;all&#8220; global_module=&#8220;871&#8243;]<\/p>\n<h4>Telefon und Handy<\/h4>\n<p>+ (34) 936 307 401<\/p>\n<p>+(34) 690 632 309<\/p>\n<p>[\/et_pb_text][et_pb_text admin_label=&#8220;pie-contacto3-ALEM&#8220; background_layout=&#8220;dark&#8220; _builder_version=&#8220;3.8.1&#8243; text_font=&#8220;Nunito||||&#8220; text_font_size=&#8220;16px&#8220; header_font=&#8220;Oswald|||on|&#8220; header_font_size=&#8220;16px&#8220; header_text_color=&#8220;#f0ce2b&#8220; header_letter_spacing=&#8220;2px&#8220; header_line_height=&#8220;1.7em&#8220; header_4_font=&#8220;Oswald|||on|||||&#8220; header_4_font_size=&#8220;16px&#8220; header_4_text_color=&#8220;#f0ce2b&#8220; header_4_letter_spacing=&#8220;1px&#8220; header_4_line_height=&#8220;1.5em&#8220; custom_margin=&#8220;||6%|&#8220; saved_tabs=&#8220;all&#8220; global_module=&#8220;872&#8243;]<\/p>\n<h4>Email<\/h4>\n<p>vira.metal.licsdelcamping@gmail.com<\/p>\n<p>[\/et_pb_text][et_pb_text admin_label=&#8220;pie-contacto4-ALEM&#8220; background_layout=&#8220;dark&#8220; _builder_version=&#8220;3.8.1&#8243; text_font=&#8220;Nunito||||&#8220; text_font_size=&#8220;16px&#8220; text_line_height=&#8220;1.5em&#8220; header_font=&#8220;Oswald|||on|&#8220; header_font_size=&#8220;16px&#8220; header_text_color=&#8220;#f0ce2b&#8220; header_letter_spacing=&#8220;2px&#8220; header_line_height=&#8220;1.7em&#8220; header_4_font=&#8220;Oswald|||on|||||&#8220; header_4_font_size=&#8220;16px&#8220; header_4_text_color=&#8220;#f0ce2b&#8220; header_4_letter_spacing=&#8220;1px&#8220; header_4_line_height=&#8220;1.5em&#8220; custom_margin=&#8220;||6%|&#8220; saved_tabs=&#8220;all&#8220; global_module=&#8220;873&#8243;]<\/p>\n<h4>Anschrift<\/h4>\n<p>P.I. Colonia G\u00fcell, C\/ K N\u00ba66<\/p>\n<p>08690 Sta. Coloma de Cervello?<\/p>\n<p>(Barcelona)<\/p>\n<p>[\/et_pb_text][\/et_pb_column][\/et_pb_row][\/et_pb_section][et_pb_section bb_built=&#8220;1&#8243; admin_label=&#8220;Gallery&#8220; _builder_version=&#8220;3.0.85&#8243; background_color_gradient_direction=&#8220;90deg&#8220; custom_padding=&#8220;0px|0px|0px|0px&#8220; locked=&#8220;off&#8220; prev_background_color=&#8220;#000000&#8243;][et_pb_row admin_label=&#8220;Best Beans Row&#8220; make_fullwidth=&#8220;on&#8220; use_custom_gutter=&#8220;on&#8220; gutter_width=&#8220;1&#8243; custom_padding=&#8220;0px|0px|0px|0px&#8220; custom_margin=&#8220;|||&#8220; make_equal=&#8220;on&#8220; _builder_version=&#8220;3.0.85&#8243;][et_pb_column type=&#8220;1_2&#8243;][et_pb_image src=&#8220;http:\/\/globalcamping.es\/wp-content\/uploads\/2018\/06\/empresa02vm.jpg&#8220; force_fullwidth=&#8220;on&#8220; _builder_version=&#8220;3.6&#8243; locked=&#8220;off&#8220; \/][\/et_pb_column][et_pb_column type=&#8220;1_2&#8243;][et_pb_image src=&#8220;http:\/\/globalcamping.es\/wp-content\/uploads\/2018\/06\/empresa01vm.jpg&#8220; force_fullwidth=&#8220;on&#8220; _builder_version=&#8220;3.6&#8243; \/][\/et_pb_column][\/et_pb_row][\/et_pb_section]<\/p>\n","protected":false},"excerpt":{"rendered":"<p>Schreib uns Kontakt Telefon und Handy + (34) 936 307 401 +(34) 690 632 309 Email vira.metal.licsdelcamping@gmail.com Anschrift P.I. Colonia G\u00fcell, C\/ K N\u00ba66 08690 Sta. Coloma de Cervello? (Barcelona)<\/p>\n","protected":false},"author":1,"featured_media":0,"parent":0,"menu_order":0,"comment_status":"closed","ping_status":"closed","template":"","meta":{"_et_pb_use_builder":"on","_et_pb_old_content":"","_et_gb_content_width":"","footnotes":""},"class_list":["post-888","page","type-page","status-publish","hentry"],"_links":{"self":[{"href":"https:\/\/globalcamping.es\/de\/wp-json\/wp\/v2\/pages\/888","targetHints":{"allow":["GET"]}}],"collection":[{"href":"https:\/\/globalcamping.es\/de\/wp-json\/wp\/v2\/pages"}],"about":[{"href":"https:\/\/globalcamping.es\/de\/wp-json\/wp\/v2\/types\/page"}],"author":[{"embeddable":true,"href":"https:\/\/globalcamping.es\/de\/wp-json\/wp\/v2\/users\/1"}],"replies":[{"embeddable":true,"href":"https:\/\/globalcamping.es\/de\/wp-json\/wp\/v2\/comments?post=888"}],"version-history":[{"count":7,"href":"https:\/\/globalcamping.es\/de\/wp-json\/wp\/v2\/pages\/888\/revisions"}],"predecessor-version":[{"id":1817,"href":"https:\/\/globalcamping.es\/de\/wp-json\/wp\/v2\/pages\/888\/revisions\/1817"}],"wp:attachment":[{"href":"https:\/\/globalcamping.es\/de\/wp-json\/wp\/v2\/media?parent=888"}],"curies":[{"name":"wp","href":"https:\/\/api.w.org\/{rel}","templated":true}]}}