{"id":534,"date":"2018-06-27T18:34:33","date_gmt":"2018-06-27T16:34:33","guid":{"rendered":"http:\/\/37.153.88.194\/~mv17web51\/?page_id=534"},"modified":"2019-03-21T16:35:35","modified_gmt":"2019-03-21T14:35:35","slug":"contact-us","status":"publish","type":"page","link":"https:\/\/globalcamping.es\/en\/contact-us\/","title":{"rendered":"Contact Us"},"content":{"rendered":"<p>[et_pb_section bb_built=&#8221;1&#8243; admin_label=&#8221;Header Section&#8221; background_color=&#8221;#000000&#8243; fullwidth=&#8221;on&#8221; _builder_version=&#8221;3.6&#8243; custom_padding=&#8221;|||&#8221; locked=&#8221;off&#8221; next_background_color=&#8221;#e3f0f7&#8243;][et_pb_fullwidth_header admin_label=&#8221;Contents&#8221; title=&#8221;Contact Us&#8221; subhead=&#8221;GLOBAL C\u00c0MPING: more than a job, a tradition&#8221; text_orientation=&#8221;center&#8221; scroll_down_icon_color=&#8221;#ffffff&#8221; background_overlay_color=&#8221;rgba(0,0,0,0.4)&#8221; content_max_width_last_edited=&#8221;off|desktop&#8221; _builder_version=&#8221;3.21&#8243; title_font=&#8221;Oswald|||on|&#8221; title_text_align=&#8221;center&#8221; title_font_size=&#8221;80px&#8221; title_font_size_phone=&#8221;40px&#8221; title_font_size_last_edited=&#8221;on|phone&#8221; title_letter_spacing=&#8221;0.1em&#8221; title_line_height=&#8221;1.5em&#8221; content_line_height=&#8221;1.7em&#8221; subhead_font=&#8221;Nunito|600|||||||&#8221; subhead_font_size=&#8221;20px&#8221; subhead_line_height=&#8221;1.9em&#8221; background_image=&#8221;http:\/\/globalcamping.es\/wp-content\/uploads\/2018\/06\/fondo-virametallics6.jpg&#8221; parallax=&#8221;on&#8221; parallax_method=&#8221;on&#8221; custom_margin=&#8221;|||&#8221; custom_padding=&#8221;5%||5%|&#8221; custom_button_one=&#8221;on&#8221; button_one_text_size=&#8221;15px&#8221; button_one_bg_color=&#8221;#dca57d&#8221; button_one_border_width=&#8221;10px&#8221; button_one_border_color=&#8221;#dca57d&#8221; button_one_border_radius=&#8221;0px&#8221; button_one_letter_spacing=&#8221;3px&#8221; button_one_font=&#8221;Oswald|||on|&#8221; button_one_use_icon=&#8221;off&#8221; animation_style=&#8221;fade&#8221; animation_starting_opacity=&#8221;50%&#8221; animation_speed_curve=&#8221;ease-in&#8221; title_font_size_tablet=&#8221;60px&#8221; button_one_text_size__hover_enabled=&#8221;off&#8221; button_one_text_size__hover=&#8221;null&#8221; button_two_text_size__hover_enabled=&#8221;off&#8221; button_two_text_size__hover=&#8221;null&#8221; button_one_text_color__hover_enabled=&#8221;off&#8221; button_one_text_color__hover=&#8221;null&#8221; button_two_text_color__hover_enabled=&#8221;off&#8221; button_two_text_color__hover=&#8221;null&#8221; button_one_border_width__hover_enabled=&#8221;off&#8221; button_one_border_width__hover=&#8221;null&#8221; button_two_border_width__hover_enabled=&#8221;off&#8221; button_two_border_width__hover=&#8221;null&#8221; button_one_border_color__hover_enabled=&#8221;on&#8221; button_one_border_color__hover=&#8221;#c99872&#8243; button_two_border_color__hover_enabled=&#8221;off&#8221; button_two_border_color__hover=&#8221;null&#8221; button_one_border_radius__hover_enabled=&#8221;on&#8221; button_one_border_radius__hover=&#8221;0px&#8221; button_two_border_radius__hover_enabled=&#8221;off&#8221; button_two_border_radius__hover=&#8221;null&#8221; button_one_letter_spacing__hover_enabled=&#8221;on&#8221; button_one_letter_spacing__hover=&#8221;3px&#8221; button_two_letter_spacing__hover_enabled=&#8221;off&#8221; button_two_letter_spacing__hover=&#8221;null&#8221; button_one_bg_color__hover_enabled=&#8221;on&#8221; button_one_bg_color__hover=&#8221;#c99872&#8243; button_two_bg_color__hover_enabled=&#8221;off&#8221; button_two_bg_color__hover=&#8221;null&#8221; \/][\/et_pb_section][et_pb_section bb_built=&#8221;1&#8243; fullwidth=&#8221;on&#8221; specialty=&#8221;off&#8221; prev_background_color=&#8221;#000000&#8243; next_background_color=&#8221;#ffffff&#8221; _builder_version=&#8221;3.21&#8243; custom_margin=&#8221;||0px|&#8221; custom_padding=&#8221;||0px|&#8221; background_color=&#8221;#e3f0f7&#8243;][et_pb_fullwidth_code _builder_version=&#8221;3.21&#8243; custom_margin=&#8221;||0px|&#8221; custom_padding=&#8221;||0px|&#8221;]<iframe loading=\"lazy\" src=\"https:\/\/www.google.com\/maps\/embed?pb=!1m18!1m12!1m3!1d2989.9467625700327!2d1.950541315806095!3d41.46206997925741!2m3!1f0!2f0!3f0!3m2!1i1024!2i768!4f13.1!3m3!1m2!1s0x12a48fab9f70147b%3A0x9d56248ebcf0e921!2sCarrer+Qu%C3%ADmica%2C+3%2C+08740+Sant+Andreu+de+la+Barca%2C+Barcelona!5e0!3m2!1ses!2ses!4v1553158814451\" width=\"100%\" height=\"460\" frameborder=\"0\" style=\"border:0\" allowfullscreen><\/iframe>[\/et_pb_fullwidth_code][\/et_pb_section][et_pb_section bb_built=&#8221;1&#8243; admin_label=&#8221;Footer&#8221; _builder_version=&#8221;3.6&#8243; background_color_gradient_direction=&#8221;90deg&#8221; background_image=&#8221;http:\/\/globalcamping.es\/wp-content\/uploads\/2018\/06\/fondo-virametallics1.jpg&#8221; parallax=&#8221;on&#8221; custom_padding=&#8221;0px|0px|0px|0px&#8221; saved_tabs=&#8221;all&#8221; prev_background_color=&#8221;#e3f0f7&#8243; next_background_color=&#8221;#ffffff&#8221;][et_pb_row admin_label=&#8221;Footer Row&#8221; make_fullwidth=&#8221;on&#8221; use_custom_gutter=&#8221;on&#8221; gutter_width=&#8221;1&#8243; custom_padding=&#8221;0px|0px|0px|0px&#8221; custom_margin=&#8221;|||&#8221; make_equal=&#8221;on&#8221; background_color_1=&#8221;rgba(0,0,0,0.6)&#8221; background_color_2=&#8221;#000000&#8243; padding_top_1=&#8221;100px&#8221; padding_right_1=&#8221;10%&#8221; padding_bottom_1=&#8221;100px&#8221; padding_left_1=&#8221;10%&#8221; padding_top_2=&#8221;100px&#8221; padding_right_2=&#8221;10%&#8221; padding_bottom_2=&#8221;100px&#8221; padding_left_2=&#8221;10%&#8221; padding_1_last_edited=&#8221;on|phone&#8221; _builder_version=&#8221;3.6&#8243; animation_style=&#8221;fade&#8221;][et_pb_column type=&#8221;1_2&#8243;][et_pb_text admin_label=&#8221;Tittle&#8221; background_layout=&#8221;dark&#8221; _builder_version=&#8221;3.8.1&#8243; text_font=&#8221;Oswald||||&#8221; header_2_font=&#8221;Oswald|||on|||||&#8221; header_2_text_align=&#8221;left&#8221; header_2_font_size=&#8221;40px&#8221; header_2_letter_spacing=&#8221;2px&#8221; header_2_line_height=&#8221;1.5em&#8221; custom_margin=&#8221;||4%|&#8221; locked=&#8221;off&#8221;]<\/p>\n<h2>Write us<\/h2>\n<p>&nbsp;<\/p>\n<p>[\/et_pb_text][et_pb_contact_form _builder_version=&#8221;3.21&#8243; email=&#8221;info@globalcamping.es&#8221; captcha=&#8221;off&#8221; form_background_color=&#8221;rgba(255,255,255,0.8)&#8221; form_field_text_color=&#8221;#000000&#8243;][et_pb_contact_field field_title=&#8221;Name&#8221; field_type=&#8221;input&#8221; field_id=&#8221;Name&#8221; required_mark=&#8221;on&#8221; fullwidth_field=&#8221;off&#8221; _builder_version=&#8221;3.8.1&#8243; checkbox_checked=&#8221;off&#8221; checkbox_options=&#8221;%91{%22value%22:%22Nombre%22,%22checked%22:0}%93&#8243; radio_options=&#8221;%91{%22value%22:%22Nombre%22,%22checked%22:0}%93&#8243; select_options=&#8221;%91{%22value%22:%22Nombre%22,%22checked%22:0}%93&#8243; min_length=&#8221;0&#8243; max_length=&#8221;0&#8243; allowed_symbols=&#8221;all&#8221; conditional_logic=&#8221;off&#8221; conditional_logic_relation=&#8221;off&#8221; conditional_logic_rules=&#8221;%91{%22field%22:%22email%22,%22condition%22:%22is%22,%22value%22:%22%22}%93&#8243; use_background_color_gradient=&#8221;off&#8221; background_color_gradient_start=&#8221;#2b87da&#8221; background_color_gradient_end=&#8221;#29c4a9&#8243; background_color_gradient_type=&#8221;linear&#8221; background_color_gradient_direction=&#8221;180deg&#8221; background_color_gradient_direction_radial=&#8221;center&#8221; background_color_gradient_start_position=&#8221;0%&#8221; background_color_gradient_end_position=&#8221;100%&#8221; background_color_gradient_overlays_image=&#8221;off&#8221; parallax=&#8221;off&#8221; parallax_method=&#8221;on&#8221; background_size=&#8221;cover&#8221; background_position=&#8221;center&#8221; background_repeat=&#8221;no-repeat&#8221; background_blend=&#8221;normal&#8221; allow_player_pause=&#8221;off&#8221; background_video_pause_outside_viewport=&#8221;on&#8221; form_field_text_shadow_style=&#8221;none&#8221; box_shadow_style=&#8221;none&#8221; \/][et_pb_contact_field field_title=&#8221;Email address&#8221; field_type=&#8221;email&#8221; field_id=&#8221;Email&#8221; required_mark=&#8221;on&#8221; fullwidth_field=&#8221;off&#8221; _builder_version=&#8221;3.8.1&#8243; checkbox_checked=&#8221;off&#8221; checkbox_options=&#8221;%91{%22value%22:%22Direcci\u00f3n de correo electr\u00f3nico%22,%22checked%22:0}%93&#8243; radio_options=&#8221;%91{%22value%22:%22Direcci\u00f3n de correo electr\u00f3nico%22,%22checked%22:0}%93&#8243; select_options=&#8221;%91{%22value%22:%22Direcci\u00f3n de correo electr\u00f3nico%22,%22checked%22:0}%93&#8243; min_length=&#8221;0&#8243; max_length=&#8221;0&#8243; allowed_symbols=&#8221;all&#8221; conditional_logic=&#8221;off&#8221; conditional_logic_relation=&#8221;off&#8221; conditional_logic_rules=&#8221;%91{%22field%22:%22name%22,%22condition%22:%22is%22,%22value%22:%22%22}%93&#8243; use_background_color_gradient=&#8221;off&#8221; background_color_gradient_start=&#8221;#2b87da&#8221; background_color_gradient_end=&#8221;#29c4a9&#8243; background_color_gradient_type=&#8221;linear&#8221; background_color_gradient_direction=&#8221;180deg&#8221; background_color_gradient_direction_radial=&#8221;center&#8221; background_color_gradient_start_position=&#8221;0%&#8221; background_color_gradient_end_position=&#8221;100%&#8221; background_color_gradient_overlays_image=&#8221;off&#8221; parallax=&#8221;off&#8221; parallax_method=&#8221;on&#8221; background_size=&#8221;cover&#8221; background_position=&#8221;center&#8221; background_repeat=&#8221;no-repeat&#8221; background_blend=&#8221;normal&#8221; allow_player_pause=&#8221;off&#8221; background_video_pause_outside_viewport=&#8221;on&#8221; form_field_text_shadow_style=&#8221;none&#8221; box_shadow_style=&#8221;none&#8221; \/][et_pb_contact_field _builder_version=&#8221;3.8.1&#8243; field_id=&#8221;phone&#8221; field_title=&#8221;Phone&#8221; field_type=&#8221;input&#8221; checkbox_checked=&#8221;off&#8221; checkbox_options=&#8221;%91{%22value%22:%22%22,%22checked%22:0}%93&#8243; radio_options=&#8221;%91{%22value%22:%22%22,%22checked%22:0}%93&#8243; select_options=&#8221;%91{%22value%22:%22%22,%22checked%22:0}%93&#8243; min_length=&#8221;0&#8243; max_length=&#8221;0&#8243; allowed_symbols=&#8221;all&#8221; required_mark=&#8221;on&#8221; conditional_logic=&#8221;off&#8221; conditional_logic_relation=&#8221;off&#8221; conditional_logic_rules=&#8221;%91{%22field%22:%22name%22,%22condition%22:%22is%22,%22value%22:%22%22}%93&#8243; use_background_color_gradient=&#8221;off&#8221; background_color_gradient_start=&#8221;#2b87da&#8221; background_color_gradient_end=&#8221;#29c4a9&#8243; background_color_gradient_type=&#8221;linear&#8221; background_color_gradient_direction=&#8221;180deg&#8221; background_color_gradient_direction_radial=&#8221;center&#8221; background_color_gradient_start_position=&#8221;0%&#8221; background_color_gradient_end_position=&#8221;100%&#8221; background_color_gradient_overlays_image=&#8221;off&#8221; parallax=&#8221;off&#8221; parallax_method=&#8221;on&#8221; background_size=&#8221;cover&#8221; background_position=&#8221;center&#8221; background_repeat=&#8221;no-repeat&#8221; background_blend=&#8221;normal&#8221; allow_player_pause=&#8221;off&#8221; background_video_pause_outside_viewport=&#8221;on&#8221; fullwidth_field=&#8221;off&#8221; form_field_text_shadow_style=&#8221;none&#8221; box_shadow_style=&#8221;none&#8221; form_field_text_shadow_horizontal_length=&#8221;0em&#8221; form_field_text_shadow_vertical_length=&#8221;0em&#8221; form_field_text_shadow_blur_strength=&#8221;0em&#8221; \/][et_pb_contact_field field_title=&#8221;Message&#8221; field_type=&#8221;text&#8221; field_id=&#8221;Message&#8221; required_mark=&#8221;on&#8221; fullwidth_field=&#8221;on&#8221; _builder_version=&#8221;3.8.1&#8243; checkbox_checked=&#8221;off&#8221; checkbox_options=&#8221;%91{%22value%22:%22Mensaje%22,%22checked%22:0}%93&#8243; radio_options=&#8221;%91{%22value%22:%22Mensaje%22,%22checked%22:0}%93&#8243; select_options=&#8221;%91{%22value%22:%22Mensaje%22,%22checked%22:0}%93&#8243; min_length=&#8221;0&#8243; max_length=&#8221;0&#8243; allowed_symbols=&#8221;all&#8221; conditional_logic=&#8221;off&#8221; conditional_logic_relation=&#8221;off&#8221; conditional_logic_rules=&#8221;%91{%22field%22:%22name%22,%22condition%22:%22is%22,%22value%22:%22%22}%93&#8243; use_background_color_gradient=&#8221;off&#8221; background_color_gradient_start=&#8221;#2b87da&#8221; background_color_gradient_end=&#8221;#29c4a9&#8243; background_color_gradient_type=&#8221;linear&#8221; background_color_gradient_direction=&#8221;180deg&#8221; background_color_gradient_direction_radial=&#8221;center&#8221; background_color_gradient_start_position=&#8221;0%&#8221; background_color_gradient_end_position=&#8221;100%&#8221; background_color_gradient_overlays_image=&#8221;off&#8221; parallax=&#8221;off&#8221; parallax_method=&#8221;on&#8221; background_size=&#8221;cover&#8221; background_position=&#8221;center&#8221; background_repeat=&#8221;no-repeat&#8221; background_blend=&#8221;normal&#8221; allow_player_pause=&#8221;off&#8221; background_video_pause_outside_viewport=&#8221;on&#8221; form_field_text_shadow_style=&#8221;none&#8221; box_shadow_style=&#8221;none&#8221; \/][\/et_pb_contact_form][\/et_pb_column][et_pb_column type=&#8221;1_2&#8243;][et_pb_text admin_label=&#8221;pie-contacto1-ENG&#8221; background_layout=&#8221;dark&#8221; _builder_version=&#8221;3.7&#8243; text_font=&#8221;Oswald||||&#8221; header_2_font=&#8221;Oswald|||on|||||&#8221; header_2_text_align=&#8221;left&#8221; header_2_font_size=&#8221;40px&#8221; header_2_letter_spacing=&#8221;2px&#8221; header_2_line_height=&#8221;1.5em&#8221; custom_margin=&#8221;||4%|&#8221; custom_padding=&#8221;|||&#8221; locked=&#8221;off&#8221; saved_tabs=&#8221;all&#8221; global_module=&#8221;500&#8243;]<\/p>\n<h2>Contact us<\/h2>\n<p>[\/et_pb_text][et_pb_text admin_label=&#8221;pie-contacto2-ENG&#8221; background_layout=&#8221;dark&#8221; _builder_version=&#8221;3.7&#8243; text_font=&#8221;Nunito||||&#8221; text_font_size=&#8221;16px&#8221; header_font=&#8221;Oswald|||on|&#8221; header_font_size=&#8221;16px&#8221; header_text_color=&#8221;#f0ce2b&#8221; header_letter_spacing=&#8221;2px&#8221; header_line_height=&#8221;1.7em&#8221; header_4_font=&#8221;Oswald|||on|||||&#8221; header_4_font_size=&#8221;16px&#8221; header_4_text_color=&#8221;#f0ce2b&#8221; header_4_letter_spacing=&#8221;1px&#8221; header_4_line_height=&#8221;1.5em&#8221; custom_margin=&#8221;||6%|&#8221; locked=&#8221;off&#8221; header_font_size_last_edited=&#8221;on|desktop&#8221; header_6_font=&#8221;Oswald|||on|||||&#8221; header_6_text_color=&#8221;#f0ce2b&#8221; saved_tabs=&#8221;all&#8221; global_module=&#8221;501&#8243;]<\/p>\n<h4>Phone and mobile<\/h4>\n<p>+ (34) 936 307 401<\/p>\n<p>+(34) 690 632 309<\/p>\n<p>[\/et_pb_text][et_pb_text admin_label=&#8221;pie-contacto3-ENG&#8221; background_layout=&#8221;dark&#8221; _builder_version=&#8221;3.7&#8243; text_font=&#8221;Nunito||||&#8221; text_font_size=&#8221;16px&#8221; header_font=&#8221;Oswald|||on|&#8221; header_font_size=&#8221;16px&#8221; header_text_color=&#8221;#f0ce2b&#8221; header_letter_spacing=&#8221;2px&#8221; header_line_height=&#8221;1.7em&#8221; header_4_font=&#8221;Oswald|||on|||||&#8221; header_4_font_size=&#8221;16px&#8221; header_4_text_color=&#8221;#f0ce2b&#8221; header_4_letter_spacing=&#8221;1px&#8221; header_4_line_height=&#8221;1.5em&#8221; custom_margin=&#8221;||6%|&#8221; locked=&#8221;off&#8221; saved_tabs=&#8221;all&#8221; global_module=&#8221;502&#8243;]<\/p>\n<h4>Email<\/h4>\n<p>vira.metal.licsdelcamping@gmail.com<\/p>\n<p>[\/et_pb_text][et_pb_text admin_label=&#8221;pie-contacto4-ENG&#8221; background_layout=&#8221;dark&#8221; _builder_version=&#8221;3.7&#8243; text_font=&#8221;Nunito||||&#8221; text_font_size=&#8221;16px&#8221; text_line_height=&#8221;1.5em&#8221; header_font=&#8221;Oswald|||on|&#8221; header_font_size=&#8221;16px&#8221; header_text_color=&#8221;#f0ce2b&#8221; header_letter_spacing=&#8221;2px&#8221; header_line_height=&#8221;1.7em&#8221; header_4_font=&#8221;Oswald|||on|||||&#8221; header_4_font_size=&#8221;16px&#8221; header_4_text_color=&#8221;#f0ce2b&#8221; header_4_letter_spacing=&#8221;1px&#8221; header_4_line_height=&#8221;1.5em&#8221; custom_margin=&#8221;||6%|&#8221; locked=&#8221;off&#8221; saved_tabs=&#8221;all&#8221; global_module=&#8221;503&#8243;]<\/p>\n<h4>Address<\/h4>\n<p><strong>VIRA MET\u00c0L\u2022LICS DEL C\u00c0MPING<\/strong><\/p>\n<p>C\/Tallers, 66<br \/>P.I. La Colonia G\u00fcell<br \/>08690 Santa Coloma de Cervell\u00f3<br \/>BARCELONA<\/p>\n<p>[\/et_pb_text][\/et_pb_column][\/et_pb_row][\/et_pb_section][et_pb_section bb_built=&#8221;1&#8243; admin_label=&#8221;Gallery&#8221; _builder_version=&#8221;3.0.85&#8243; background_color_gradient_direction=&#8221;90deg&#8221; custom_padding=&#8221;0px|0px|0px|0px&#8221; locked=&#8221;off&#8221; prev_background_color=&#8221;#000000&#8243;][et_pb_row admin_label=&#8221;Best Beans Row&#8221; make_fullwidth=&#8221;on&#8221; use_custom_gutter=&#8221;on&#8221; gutter_width=&#8221;1&#8243; custom_padding=&#8221;0px|0px|0px|0px&#8221; custom_margin=&#8221;|||&#8221; make_equal=&#8221;on&#8221; _builder_version=&#8221;3.0.85&#8243;][et_pb_column type=&#8221;1_2&#8243;][et_pb_image src=&#8221;http:\/\/globalcamping.es\/wp-content\/uploads\/2018\/06\/empresa02vm.jpg&#8221; force_fullwidth=&#8221;on&#8221; _builder_version=&#8221;3.6&#8243; locked=&#8221;off&#8221; \/][\/et_pb_column][et_pb_column type=&#8221;1_2&#8243;][et_pb_image src=&#8221;http:\/\/globalcamping.es\/wp-content\/uploads\/2018\/06\/empresa01vm.jpg&#8221; force_fullwidth=&#8221;on&#8221; _builder_version=&#8221;3.6&#8243; \/][\/et_pb_column][\/et_pb_row][\/et_pb_section]<\/p>\n","protected":false},"excerpt":{"rendered":"<p>Write us &nbsp; Contact us Phone and mobile + (34) 936 307 401 +(34) 690 632 309 Email vira.metal.licsdelcamping@gmail.com Address VIRA MET\u00c0L\u2022LICS DEL C\u00c0MPING C\/Tallers, 66P.I. La Colonia G\u00fcell08690 Santa Coloma de Cervell\u00f3BARCELONA<\/p>\n","protected":false},"author":1,"featured_media":0,"parent":0,"menu_order":0,"comment_status":"closed","ping_status":"closed","template":"","meta":{"_et_pb_use_builder":"on","_et_pb_old_content":"","_et_gb_content_width":"","footnotes":""},"class_list":["post-534","page","type-page","status-publish","hentry"],"_links":{"self":[{"href":"https:\/\/globalcamping.es\/en\/wp-json\/wp\/v2\/pages\/534","targetHints":{"allow":["GET"]}}],"collection":[{"href":"https:\/\/globalcamping.es\/en\/wp-json\/wp\/v2\/pages"}],"about":[{"href":"https:\/\/globalcamping.es\/en\/wp-json\/wp\/v2\/types\/page"}],"author":[{"embeddable":true,"href":"https:\/\/globalcamping.es\/en\/wp-json\/wp\/v2\/users\/1"}],"replies":[{"embeddable":true,"href":"https:\/\/globalcamping.es\/en\/wp-json\/wp\/v2\/comments?post=534"}],"version-history":[{"count":6,"href":"https:\/\/globalcamping.es\/en\/wp-json\/wp\/v2\/pages\/534\/revisions"}],"predecessor-version":[{"id":1815,"href":"https:\/\/globalcamping.es\/en\/wp-json\/wp\/v2\/pages\/534\/revisions\/1815"}],"wp:attachment":[{"href":"https:\/\/globalcamping.es\/en\/wp-json\/wp\/v2\/media?parent=534"}],"curies":[{"name":"wp","href":"https:\/\/api.w.org\/{rel}","templated":true}]}}