{"id":708,"date":"2018-06-28T18:38:18","date_gmt":"2018-06-28T16:38:18","guid":{"rendered":"http:\/\/37.153.88.194\/~mv17web51\/?page_id=708"},"modified":"2019-03-21T16:36:50","modified_gmt":"2019-03-21T14:36:50","slug":"contact","status":"publish","type":"page","link":"https:\/\/globalcamping.es\/fr\/contact\/","title":{"rendered":"Contact"},"content":{"rendered":"<p>[et_pb_section bb_built=\u00a0\u00bb1&Prime; admin_label=\u00a0\u00bbHeader Section\u00a0\u00bb background_color=\u00a0\u00bb#000000&Prime; fullwidth=\u00a0\u00bbon\u00a0\u00bb _builder_version=\u00a0\u00bb3.6&Prime; custom_padding=\u00a0\u00bb|||\u00a0\u00bb locked=\u00a0\u00bboff\u00a0\u00bb next_background_color=\u00a0\u00bb#e3f0f7&Prime;][et_pb_fullwidth_header admin_label=\u00a0\u00bbContents\u00a0\u00bb title=\u00a0\u00bbContact\u00a0\u00bb subhead=\u00a0\u00bbGLOBAL C\u00c0MPING: plus qu&rsquo;un travail, une tradition\u00a0\u00bb text_orientation=\u00a0\u00bbcenter\u00a0\u00bb scroll_down_icon_color=\u00a0\u00bb#ffffff\u00a0\u00bb background_overlay_color=\u00a0\u00bbrgba(0,0,0,0.4)\u00a0\u00bb content_max_width_last_edited=\u00a0\u00bboff|desktop\u00a0\u00bb _builder_version=\u00a0\u00bb3.21&Prime; title_font=\u00a0\u00bbOswald|||on|\u00a0\u00bb title_text_align=\u00a0\u00bbcenter\u00a0\u00bb title_font_size=\u00a0\u00bb80px\u00a0\u00bb title_font_size_phone=\u00a0\u00bb40px\u00a0\u00bb title_font_size_last_edited=\u00a0\u00bbon|phone\u00a0\u00bb title_letter_spacing=\u00a0\u00bb0.1em\u00a0\u00bb title_line_height=\u00a0\u00bb1.5em\u00a0\u00bb content_line_height=\u00a0\u00bb1.7em\u00a0\u00bb subhead_font=\u00a0\u00bbNunito|600|||||||\u00a0\u00bb subhead_font_size=\u00a0\u00bb20px\u00a0\u00bb subhead_line_height=\u00a0\u00bb1.9em\u00a0\u00bb background_image=\u00a0\u00bbhttp:\/\/globalcamping.es\/wp-content\/uploads\/2018\/06\/fondo-virametallics6.jpg\u00a0\u00bb parallax=\u00a0\u00bbon\u00a0\u00bb parallax_method=\u00a0\u00bbon\u00a0\u00bb custom_margin=\u00a0\u00bb|||\u00a0\u00bb custom_padding=\u00a0\u00bb5%||5%|\u00a0\u00bb custom_button_one=\u00a0\u00bbon\u00a0\u00bb button_one_text_size=\u00a0\u00bb15px\u00a0\u00bb button_one_bg_color=\u00a0\u00bb#dca57d\u00a0\u00bb button_one_border_width=\u00a0\u00bb10px\u00a0\u00bb button_one_border_color=\u00a0\u00bb#dca57d\u00a0\u00bb button_one_border_radius=\u00a0\u00bb0px\u00a0\u00bb button_one_letter_spacing=\u00a0\u00bb3px\u00a0\u00bb button_one_font=\u00a0\u00bbOswald|||on|\u00a0\u00bb button_one_use_icon=\u00a0\u00bboff\u00a0\u00bb animation_style=\u00a0\u00bbfade\u00a0\u00bb animation_starting_opacity=\u00a0\u00bb50%\u00a0\u00bb animation_speed_curve=\u00a0\u00bbease-in\u00a0\u00bb title_font_size_tablet=\u00a0\u00bb60px\u00a0\u00bb button_one_text_size__hover_enabled=\u00a0\u00bboff\u00a0\u00bb button_one_text_size__hover=\u00a0\u00bbnull\u00a0\u00bb button_two_text_size__hover_enabled=\u00a0\u00bboff\u00a0\u00bb button_two_text_size__hover=\u00a0\u00bbnull\u00a0\u00bb button_one_text_color__hover_enabled=\u00a0\u00bboff\u00a0\u00bb button_one_text_color__hover=\u00a0\u00bbnull\u00a0\u00bb button_two_text_color__hover_enabled=\u00a0\u00bboff\u00a0\u00bb button_two_text_color__hover=\u00a0\u00bbnull\u00a0\u00bb button_one_border_width__hover_enabled=\u00a0\u00bboff\u00a0\u00bb button_one_border_width__hover=\u00a0\u00bbnull\u00a0\u00bb button_two_border_width__hover_enabled=\u00a0\u00bboff\u00a0\u00bb button_two_border_width__hover=\u00a0\u00bbnull\u00a0\u00bb button_one_border_color__hover_enabled=\u00a0\u00bbon\u00a0\u00bb button_one_border_color__hover=\u00a0\u00bb#c99872&Prime; button_two_border_color__hover_enabled=\u00a0\u00bboff\u00a0\u00bb button_two_border_color__hover=\u00a0\u00bbnull\u00a0\u00bb button_one_border_radius__hover_enabled=\u00a0\u00bbon\u00a0\u00bb button_one_border_radius__hover=\u00a0\u00bb0px\u00a0\u00bb button_two_border_radius__hover_enabled=\u00a0\u00bboff\u00a0\u00bb button_two_border_radius__hover=\u00a0\u00bbnull\u00a0\u00bb button_one_letter_spacing__hover_enabled=\u00a0\u00bbon\u00a0\u00bb button_one_letter_spacing__hover=\u00a0\u00bb3px\u00a0\u00bb button_two_letter_spacing__hover_enabled=\u00a0\u00bboff\u00a0\u00bb button_two_letter_spacing__hover=\u00a0\u00bbnull\u00a0\u00bb button_one_bg_color__hover_enabled=\u00a0\u00bbon\u00a0\u00bb button_one_bg_color__hover=\u00a0\u00bb#c99872&Prime; button_two_bg_color__hover_enabled=\u00a0\u00bboff\u00a0\u00bb button_two_bg_color__hover=\u00a0\u00bbnull\u00a0\u00bb \/][\/et_pb_section][et_pb_section bb_built=\u00a0\u00bb1&Prime; fullwidth=\u00a0\u00bbon\u00a0\u00bb specialty=\u00a0\u00bboff\u00a0\u00bb prev_background_color=\u00a0\u00bb#000000&Prime; next_background_color=\u00a0\u00bb#ffffff\u00a0\u00bb _builder_version=\u00a0\u00bb3.21&Prime; custom_margin=\u00a0\u00bb||0px|\u00a0\u00bb custom_padding=\u00a0\u00bb||0px|\u00a0\u00bb background_color=\u00a0\u00bb#e3f0f7&Prime;][et_pb_fullwidth_code _builder_version=\u00a0\u00bb3.21&Prime; custom_margin=\u00a0\u00bb||0px|\u00a0\u00bb custom_padding=\u00a0\u00bb||0px|\u00a0\u00bb]<iframe loading=\"lazy\" src=\"https:\/\/www.google.com\/maps\/embed?pb=!1m18!1m12!1m3!1d2989.9467625700327!2d1.950541315806095!3d41.46206997925741!2m3!1f0!2f0!3f0!3m2!1i1024!2i768!4f13.1!3m3!1m2!1s0x12a48fab9f70147b%3A0x9d56248ebcf0e921!2sCarrer+Qu%C3%ADmica%2C+3%2C+08740+Sant+Andreu+de+la+Barca%2C+Barcelona!5e0!3m2!1ses!2ses!4v1553158814451\" width=\"100%\" height=\"460\" frameborder=\"0\" style=\"border:0\" allowfullscreen><\/iframe>[\/et_pb_fullwidth_code][\/et_pb_section][et_pb_section bb_built=\u00a0\u00bb1&Prime; admin_label=\u00a0\u00bbFooter\u00a0\u00bb _builder_version=\u00a0\u00bb3.6&Prime; background_color_gradient_direction=\u00a0\u00bb90deg\u00a0\u00bb background_image=\u00a0\u00bbhttp:\/\/globalcamping.es\/wp-content\/uploads\/2018\/06\/fondo-virametallics1.jpg\u00a0\u00bb parallax=\u00a0\u00bbon\u00a0\u00bb custom_padding=\u00a0\u00bb0px|0px|0px|0px\u00a0\u00bb saved_tabs=\u00a0\u00bball\u00a0\u00bb prev_background_color=\u00a0\u00bb#e3f0f7&Prime; next_background_color=\u00a0\u00bb#ffffff\u00a0\u00bb][et_pb_row admin_label=\u00a0\u00bbFooter Row\u00a0\u00bb make_fullwidth=\u00a0\u00bbon\u00a0\u00bb use_custom_gutter=\u00a0\u00bbon\u00a0\u00bb gutter_width=\u00a0\u00bb1&Prime; custom_padding=\u00a0\u00bb0px|0px|0px|0px\u00a0\u00bb custom_margin=\u00a0\u00bb|||\u00a0\u00bb make_equal=\u00a0\u00bbon\u00a0\u00bb background_color_1=\u00a0\u00bbrgba(0,0,0,0.6)\u00a0\u00bb background_color_2=\u00a0\u00bb#000000&Prime; padding_top_1=\u00a0\u00bb100px\u00a0\u00bb padding_right_1=\u00a0\u00bb10%\u00a0\u00bb padding_bottom_1=\u00a0\u00bb100px\u00a0\u00bb padding_left_1=\u00a0\u00bb10%\u00a0\u00bb padding_top_2=\u00a0\u00bb100px\u00a0\u00bb padding_right_2=\u00a0\u00bb10%\u00a0\u00bb padding_bottom_2=\u00a0\u00bb100px\u00a0\u00bb padding_left_2=\u00a0\u00bb10%\u00a0\u00bb padding_1_last_edited=\u00a0\u00bbon|phone\u00a0\u00bb _builder_version=\u00a0\u00bb3.6&Prime; animation_style=\u00a0\u00bbfade\u00a0\u00bb][et_pb_column type=\u00a0\u00bb1_2&Prime;][et_pb_text admin_label=\u00a0\u00bbTittle\u00a0\u00bb background_layout=\u00a0\u00bbdark\u00a0\u00bb _builder_version=\u00a0\u00bb3.8.1&Prime; text_font=\u00a0\u00bbOswald||||\u00a0\u00bb header_2_font=\u00a0\u00bbOswald|||on|||||\u00a0\u00bb header_2_text_align=\u00a0\u00bbleft\u00a0\u00bb header_2_font_size=\u00a0\u00bb40px\u00a0\u00bb header_2_letter_spacing=\u00a0\u00bb2px\u00a0\u00bb header_2_line_height=\u00a0\u00bb1.5em\u00a0\u00bb custom_margin=\u00a0\u00bb||4%|\u00a0\u00bb locked=\u00a0\u00bboff\u00a0\u00bb]<\/p>\n<h2>\u00c9cris-nous<\/h2>\n<p>[\/et_pb_text][et_pb_contact_form _builder_version=\u00a0\u00bb3.21&Prime; email=\u00a0\u00bbinfo@globalcamping.es\u00a0\u00bb captcha=\u00a0\u00bboff\u00a0\u00bb form_background_color=\u00a0\u00bbrgba(255,255,255,0.8)\u00a0\u00bb form_field_text_color=\u00a0\u00bb#000000&Prime;][et_pb_contact_field field_title=\u00a0\u00bbNom\u00a0\u00bb field_type=\u00a0\u00bbinput\u00a0\u00bb field_id=\u00a0\u00bbName\u00a0\u00bb required_mark=\u00a0\u00bbon\u00a0\u00bb fullwidth_field=\u00a0\u00bboff\u00a0\u00bb _builder_version=\u00a0\u00bb3.8.1&Prime; checkbox_checked=\u00a0\u00bboff\u00a0\u00bb checkbox_options=\u00a0\u00bb%91{%22value%22:%22Nombre%22,%22checked%22:0}%93&Prime; radio_options=\u00a0\u00bb%91{%22value%22:%22Nombre%22,%22checked%22:0}%93&Prime; select_options=\u00a0\u00bb%91{%22value%22:%22Nombre%22,%22checked%22:0}%93&Prime; min_length=\u00a0\u00bb0&Prime; max_length=\u00a0\u00bb0&Prime; allowed_symbols=\u00a0\u00bball\u00a0\u00bb conditional_logic=\u00a0\u00bboff\u00a0\u00bb conditional_logic_relation=\u00a0\u00bboff\u00a0\u00bb conditional_logic_rules=\u00a0\u00bb%91{%22field%22:%22email%22,%22condition%22:%22is%22,%22value%22:%22%22}%93&Prime; use_background_color_gradient=\u00a0\u00bboff\u00a0\u00bb background_color_gradient_start=\u00a0\u00bb#2b87da\u00a0\u00bb background_color_gradient_end=\u00a0\u00bb#29c4a9&Prime; background_color_gradient_type=\u00a0\u00bblinear\u00a0\u00bb background_color_gradient_direction=\u00a0\u00bb180deg\u00a0\u00bb background_color_gradient_direction_radial=\u00a0\u00bbcenter\u00a0\u00bb background_color_gradient_start_position=\u00a0\u00bb0%\u00a0\u00bb background_color_gradient_end_position=\u00a0\u00bb100%\u00a0\u00bb background_color_gradient_overlays_image=\u00a0\u00bboff\u00a0\u00bb parallax=\u00a0\u00bboff\u00a0\u00bb parallax_method=\u00a0\u00bbon\u00a0\u00bb background_size=\u00a0\u00bbcover\u00a0\u00bb background_position=\u00a0\u00bbcenter\u00a0\u00bb background_repeat=\u00a0\u00bbno-repeat\u00a0\u00bb background_blend=\u00a0\u00bbnormal\u00a0\u00bb allow_player_pause=\u00a0\u00bboff\u00a0\u00bb background_video_pause_outside_viewport=\u00a0\u00bbon\u00a0\u00bb form_field_text_shadow_style=\u00a0\u00bbnone\u00a0\u00bb box_shadow_style=\u00a0\u00bbnone\u00a0\u00bb \/][et_pb_contact_field field_title=\u00a0\u00bbAdresse de courrier \u00e9lectronique\u00a0\u00bb field_type=\u00a0\u00bbemail\u00a0\u00bb field_id=\u00a0\u00bbEmail\u00a0\u00bb required_mark=\u00a0\u00bbon\u00a0\u00bb fullwidth_field=\u00a0\u00bboff\u00a0\u00bb _builder_version=\u00a0\u00bb3.8.1&Prime; checkbox_checked=\u00a0\u00bboff\u00a0\u00bb checkbox_options=\u00a0\u00bb%91{%22value%22:%22Direcci\u00f3n de correo electr\u00f3nico%22,%22checked%22:0}%93&Prime; radio_options=\u00a0\u00bb%91{%22value%22:%22Direcci\u00f3n de correo electr\u00f3nico%22,%22checked%22:0}%93&Prime; select_options=\u00a0\u00bb%91{%22value%22:%22Direcci\u00f3n de correo electr\u00f3nico%22,%22checked%22:0}%93&Prime; min_length=\u00a0\u00bb0&Prime; max_length=\u00a0\u00bb0&Prime; allowed_symbols=\u00a0\u00bball\u00a0\u00bb conditional_logic=\u00a0\u00bboff\u00a0\u00bb conditional_logic_relation=\u00a0\u00bboff\u00a0\u00bb conditional_logic_rules=\u00a0\u00bb%91{%22field%22:%22name%22,%22condition%22:%22is%22,%22value%22:%22%22}%93&Prime; use_background_color_gradient=\u00a0\u00bboff\u00a0\u00bb background_color_gradient_start=\u00a0\u00bb#2b87da\u00a0\u00bb background_color_gradient_end=\u00a0\u00bb#29c4a9&Prime; background_color_gradient_type=\u00a0\u00bblinear\u00a0\u00bb background_color_gradient_direction=\u00a0\u00bb180deg\u00a0\u00bb background_color_gradient_direction_radial=\u00a0\u00bbcenter\u00a0\u00bb background_color_gradient_start_position=\u00a0\u00bb0%\u00a0\u00bb background_color_gradient_end_position=\u00a0\u00bb100%\u00a0\u00bb background_color_gradient_overlays_image=\u00a0\u00bboff\u00a0\u00bb parallax=\u00a0\u00bboff\u00a0\u00bb parallax_method=\u00a0\u00bbon\u00a0\u00bb background_size=\u00a0\u00bbcover\u00a0\u00bb background_position=\u00a0\u00bbcenter\u00a0\u00bb background_repeat=\u00a0\u00bbno-repeat\u00a0\u00bb background_blend=\u00a0\u00bbnormal\u00a0\u00bb allow_player_pause=\u00a0\u00bboff\u00a0\u00bb background_video_pause_outside_viewport=\u00a0\u00bbon\u00a0\u00bb form_field_text_shadow_style=\u00a0\u00bbnone\u00a0\u00bb box_shadow_style=\u00a0\u00bbnone\u00a0\u00bb \/][et_pb_contact_field _builder_version=\u00a0\u00bb3.8.1&Prime; field_id=\u00a0\u00bbphone\u00a0\u00bb field_title=\u00a0\u00bbT\u00e9l\u00e9phone\u00a0\u00bb field_type=\u00a0\u00bbinput\u00a0\u00bb checkbox_checked=\u00a0\u00bboff\u00a0\u00bb checkbox_options=\u00a0\u00bb%91{%22value%22:%22%22,%22checked%22:0}%93&Prime; radio_options=\u00a0\u00bb%91{%22value%22:%22%22,%22checked%22:0}%93&Prime; select_options=\u00a0\u00bb%91{%22value%22:%22%22,%22checked%22:0}%93&Prime; min_length=\u00a0\u00bb0&Prime; max_length=\u00a0\u00bb0&Prime; allowed_symbols=\u00a0\u00bball\u00a0\u00bb required_mark=\u00a0\u00bbon\u00a0\u00bb conditional_logic=\u00a0\u00bboff\u00a0\u00bb conditional_logic_relation=\u00a0\u00bboff\u00a0\u00bb conditional_logic_rules=\u00a0\u00bb%91{%22field%22:%22name%22,%22condition%22:%22is%22,%22value%22:%22%22}%93&Prime; use_background_color_gradient=\u00a0\u00bboff\u00a0\u00bb background_color_gradient_start=\u00a0\u00bb#2b87da\u00a0\u00bb background_color_gradient_end=\u00a0\u00bb#29c4a9&Prime; background_color_gradient_type=\u00a0\u00bblinear\u00a0\u00bb background_color_gradient_direction=\u00a0\u00bb180deg\u00a0\u00bb background_color_gradient_direction_radial=\u00a0\u00bbcenter\u00a0\u00bb background_color_gradient_start_position=\u00a0\u00bb0%\u00a0\u00bb background_color_gradient_end_position=\u00a0\u00bb100%\u00a0\u00bb background_color_gradient_overlays_image=\u00a0\u00bboff\u00a0\u00bb parallax=\u00a0\u00bboff\u00a0\u00bb parallax_method=\u00a0\u00bbon\u00a0\u00bb background_size=\u00a0\u00bbcover\u00a0\u00bb background_position=\u00a0\u00bbcenter\u00a0\u00bb background_repeat=\u00a0\u00bbno-repeat\u00a0\u00bb background_blend=\u00a0\u00bbnormal\u00a0\u00bb allow_player_pause=\u00a0\u00bboff\u00a0\u00bb background_video_pause_outside_viewport=\u00a0\u00bbon\u00a0\u00bb fullwidth_field=\u00a0\u00bboff\u00a0\u00bb form_field_text_shadow_style=\u00a0\u00bbnone\u00a0\u00bb box_shadow_style=\u00a0\u00bbnone\u00a0\u00bb form_field_text_shadow_horizontal_length=\u00a0\u00bb0em\u00a0\u00bb form_field_text_shadow_vertical_length=\u00a0\u00bb0em\u00a0\u00bb form_field_text_shadow_blur_strength=\u00a0\u00bb0em\u00a0\u00bb \/][et_pb_contact_field field_title=\u00a0\u00bbMessage\u00a0\u00bb field_type=\u00a0\u00bbtext\u00a0\u00bb field_id=\u00a0\u00bbMessage\u00a0\u00bb required_mark=\u00a0\u00bbon\u00a0\u00bb fullwidth_field=\u00a0\u00bbon\u00a0\u00bb _builder_version=\u00a0\u00bb3.8.1&Prime; checkbox_checked=\u00a0\u00bboff\u00a0\u00bb checkbox_options=\u00a0\u00bb%91{%22value%22:%22Mensaje%22,%22checked%22:0}%93&Prime; radio_options=\u00a0\u00bb%91{%22value%22:%22Mensaje%22,%22checked%22:0}%93&Prime; select_options=\u00a0\u00bb%91{%22value%22:%22Mensaje%22,%22checked%22:0}%93&Prime; min_length=\u00a0\u00bb0&Prime; max_length=\u00a0\u00bb0&Prime; allowed_symbols=\u00a0\u00bball\u00a0\u00bb conditional_logic=\u00a0\u00bboff\u00a0\u00bb conditional_logic_relation=\u00a0\u00bboff\u00a0\u00bb conditional_logic_rules=\u00a0\u00bb%91{%22field%22:%22name%22,%22condition%22:%22is%22,%22value%22:%22%22}%93&Prime; use_background_color_gradient=\u00a0\u00bboff\u00a0\u00bb background_color_gradient_start=\u00a0\u00bb#2b87da\u00a0\u00bb background_color_gradient_end=\u00a0\u00bb#29c4a9&Prime; background_color_gradient_type=\u00a0\u00bblinear\u00a0\u00bb background_color_gradient_direction=\u00a0\u00bb180deg\u00a0\u00bb background_color_gradient_direction_radial=\u00a0\u00bbcenter\u00a0\u00bb background_color_gradient_start_position=\u00a0\u00bb0%\u00a0\u00bb background_color_gradient_end_position=\u00a0\u00bb100%\u00a0\u00bb background_color_gradient_overlays_image=\u00a0\u00bboff\u00a0\u00bb parallax=\u00a0\u00bboff\u00a0\u00bb parallax_method=\u00a0\u00bbon\u00a0\u00bb background_size=\u00a0\u00bbcover\u00a0\u00bb background_position=\u00a0\u00bbcenter\u00a0\u00bb background_repeat=\u00a0\u00bbno-repeat\u00a0\u00bb background_blend=\u00a0\u00bbnormal\u00a0\u00bb allow_player_pause=\u00a0\u00bboff\u00a0\u00bb background_video_pause_outside_viewport=\u00a0\u00bbon\u00a0\u00bb form_field_text_shadow_style=\u00a0\u00bbnone\u00a0\u00bb box_shadow_style=\u00a0\u00bbnone\u00a0\u00bb \/][\/et_pb_contact_form][\/et_pb_column][et_pb_column type=\u00a0\u00bb1_2&Prime;][et_pb_text admin_label=\u00a0\u00bbpie-contacto1-FRA\u00a0\u00bb background_layout=\u00a0\u00bbdark\u00a0\u00bb _builder_version=\u00a0\u00bb3.8.1&Prime; text_font=\u00a0\u00bbOswald||||\u00a0\u00bb header_2_font=\u00a0\u00bbOswald|||on|||||\u00a0\u00bb header_2_text_align=\u00a0\u00bbleft\u00a0\u00bb header_2_font_size=\u00a0\u00bb40px\u00a0\u00bb header_2_letter_spacing=\u00a0\u00bb2px\u00a0\u00bb header_2_line_height=\u00a0\u00bb1.5em\u00a0\u00bb custom_margin=\u00a0\u00bb||4%|\u00a0\u00bb custom_padding=\u00a0\u00bb|||\u00a0\u00bb locked=\u00a0\u00bboff\u00a0\u00bb saved_tabs=\u00a0\u00bball\u00a0\u00bb global_module=\u00a0\u00bb687&Prime;]<\/p>\n<h2>Contact<\/h2>\n<p>[\/et_pb_text][et_pb_text admin_label=\u00a0\u00bbpie-contacto2-FRA\u00a0\u00bb background_layout=\u00a0\u00bbdark\u00a0\u00bb _builder_version=\u00a0\u00bb3.8.1&Prime; text_font=\u00a0\u00bbNunito||||\u00a0\u00bb text_font_size=\u00a0\u00bb16px\u00a0\u00bb header_font=\u00a0\u00bbOswald|||on|\u00a0\u00bb header_font_size=\u00a0\u00bb16px\u00a0\u00bb header_text_color=\u00a0\u00bb#f0ce2b\u00a0\u00bb header_letter_spacing=\u00a0\u00bb2px\u00a0\u00bb header_line_height=\u00a0\u00bb1.7em\u00a0\u00bb header_4_font=\u00a0\u00bbOswald|||on|||||\u00a0\u00bb header_4_font_size=\u00a0\u00bb16px\u00a0\u00bb header_4_text_color=\u00a0\u00bb#f0ce2b\u00a0\u00bb header_4_letter_spacing=\u00a0\u00bb1px\u00a0\u00bb header_4_line_height=\u00a0\u00bb1.5em\u00a0\u00bb custom_margin=\u00a0\u00bb||6%|\u00a0\u00bb locked=\u00a0\u00bboff\u00a0\u00bb header_font_size_last_edited=\u00a0\u00bbon|desktop\u00a0\u00bb header_6_font=\u00a0\u00bbOswald|||on|||||\u00a0\u00bb header_6_text_color=\u00a0\u00bb#f0ce2b\u00a0\u00bb saved_tabs=\u00a0\u00bball\u00a0\u00bb global_module=\u00a0\u00bb688&Prime;]<\/p>\n<h4>T\u00e9l\u00e9phone et mobile<\/h4>\n<p>+ (34) 936 307 401<\/p>\n<p>+(34) 690 632 309<\/p>\n<p>[\/et_pb_text][et_pb_text admin_label=\u00a0\u00bbpie-contacto3-FRA\u00a0\u00bb background_layout=\u00a0\u00bbdark\u00a0\u00bb _builder_version=\u00a0\u00bb3.8.1&Prime; text_font=\u00a0\u00bbNunito||||\u00a0\u00bb text_font_size=\u00a0\u00bb16px\u00a0\u00bb header_font=\u00a0\u00bbOswald|||on|\u00a0\u00bb header_font_size=\u00a0\u00bb16px\u00a0\u00bb header_text_color=\u00a0\u00bb#f0ce2b\u00a0\u00bb header_letter_spacing=\u00a0\u00bb2px\u00a0\u00bb header_line_height=\u00a0\u00bb1.7em\u00a0\u00bb header_4_font=\u00a0\u00bbOswald|||on|||||\u00a0\u00bb header_4_font_size=\u00a0\u00bb16px\u00a0\u00bb header_4_text_color=\u00a0\u00bb#f0ce2b\u00a0\u00bb header_4_letter_spacing=\u00a0\u00bb1px\u00a0\u00bb header_4_line_height=\u00a0\u00bb1.5em\u00a0\u00bb custom_margin=\u00a0\u00bb||6%|\u00a0\u00bb locked=\u00a0\u00bboff\u00a0\u00bb saved_tabs=\u00a0\u00bball\u00a0\u00bb global_module=\u00a0\u00bb689&Prime;]<\/p>\n<h4>Email<\/h4>\n<p>vira.metal.licsdelcamping@gmail.com<\/p>\n<p>[\/et_pb_text][et_pb_text admin_label=\u00a0\u00bbpie-contacto4-FRA\u00a0\u00bb background_layout=\u00a0\u00bbdark\u00a0\u00bb _builder_version=\u00a0\u00bb3.8.1&Prime; text_font=\u00a0\u00bbNunito||||\u00a0\u00bb text_font_size=\u00a0\u00bb16px\u00a0\u00bb text_line_height=\u00a0\u00bb1.5em\u00a0\u00bb header_font=\u00a0\u00bbOswald|||on|\u00a0\u00bb header_font_size=\u00a0\u00bb16px\u00a0\u00bb header_text_color=\u00a0\u00bb#f0ce2b\u00a0\u00bb header_letter_spacing=\u00a0\u00bb2px\u00a0\u00bb header_line_height=\u00a0\u00bb1.7em\u00a0\u00bb header_4_font=\u00a0\u00bbOswald|||on|||||\u00a0\u00bb header_4_font_size=\u00a0\u00bb16px\u00a0\u00bb header_4_text_color=\u00a0\u00bb#f0ce2b\u00a0\u00bb header_4_letter_spacing=\u00a0\u00bb1px\u00a0\u00bb header_4_line_height=\u00a0\u00bb1.5em\u00a0\u00bb custom_margin=\u00a0\u00bb||6%|\u00a0\u00bb locked=\u00a0\u00bboff\u00a0\u00bb saved_tabs=\u00a0\u00bball\u00a0\u00bb global_module=\u00a0\u00bb690&Prime;]<\/p>\n<h4>Adresse<\/h4>\n<p>P.I. Colonia G\u00fcell, C\/ K N\u00ba66<\/p>\n<p>08690 Sta. Coloma de Cervello?<\/p>\n<p>(Barcelona)<\/p>\n<p>[\/et_pb_text][\/et_pb_column][\/et_pb_row][\/et_pb_section][et_pb_section bb_built=\u00a0\u00bb1&Prime; admin_label=\u00a0\u00bbGallery\u00a0\u00bb _builder_version=\u00a0\u00bb3.0.85&Prime; background_color_gradient_direction=\u00a0\u00bb90deg\u00a0\u00bb custom_padding=\u00a0\u00bb0px|0px|0px|0px\u00a0\u00bb locked=\u00a0\u00bboff\u00a0\u00bb prev_background_color=\u00a0\u00bb#000000&Prime;][et_pb_row admin_label=\u00a0\u00bbBest Beans Row\u00a0\u00bb make_fullwidth=\u00a0\u00bbon\u00a0\u00bb use_custom_gutter=\u00a0\u00bbon\u00a0\u00bb gutter_width=\u00a0\u00bb1&Prime; custom_padding=\u00a0\u00bb0px|0px|0px|0px\u00a0\u00bb custom_margin=\u00a0\u00bb|||\u00a0\u00bb make_equal=\u00a0\u00bbon\u00a0\u00bb _builder_version=\u00a0\u00bb3.0.85&Prime;][et_pb_column type=\u00a0\u00bb1_2&Prime;][et_pb_image src=\u00a0\u00bbhttp:\/\/globalcamping.es\/wp-content\/uploads\/2018\/06\/empresa02vm.jpg\u00a0\u00bb force_fullwidth=\u00a0\u00bbon\u00a0\u00bb _builder_version=\u00a0\u00bb3.6&Prime; locked=\u00a0\u00bboff\u00a0\u00bb \/][\/et_pb_column][et_pb_column type=\u00a0\u00bb1_2&Prime;][et_pb_image src=\u00a0\u00bbhttp:\/\/globalcamping.es\/wp-content\/uploads\/2018\/06\/empresa01vm.jpg\u00a0\u00bb force_fullwidth=\u00a0\u00bbon\u00a0\u00bb _builder_version=\u00a0\u00bb3.6&Prime; \/][\/et_pb_column][\/et_pb_row][\/et_pb_section]<\/p>\n","protected":false},"excerpt":{"rendered":"<p>\u00c9cris-nous Contact T\u00e9l\u00e9phone et mobile + (34) 936 307 401 +(34) 690 632 309 Email vira.metal.licsdelcamping@gmail.com Adresse P.I. Colonia G\u00fcell, C\/ K N\u00ba66 08690 Sta. Coloma de Cervello? (Barcelona)<\/p>\n","protected":false},"author":1,"featured_media":0,"parent":0,"menu_order":0,"comment_status":"closed","ping_status":"closed","template":"","meta":{"_et_pb_use_builder":"on","_et_pb_old_content":"","_et_gb_content_width":"","footnotes":""},"class_list":["post-708","page","type-page","status-publish","hentry"],"_links":{"self":[{"href":"https:\/\/globalcamping.es\/fr\/wp-json\/wp\/v2\/pages\/708","targetHints":{"allow":["GET"]}}],"collection":[{"href":"https:\/\/globalcamping.es\/fr\/wp-json\/wp\/v2\/pages"}],"about":[{"href":"https:\/\/globalcamping.es\/fr\/wp-json\/wp\/v2\/types\/page"}],"author":[{"embeddable":true,"href":"https:\/\/globalcamping.es\/fr\/wp-json\/wp\/v2\/users\/1"}],"replies":[{"embeddable":true,"href":"https:\/\/globalcamping.es\/fr\/wp-json\/wp\/v2\/comments?post=708"}],"version-history":[{"count":7,"href":"https:\/\/globalcamping.es\/fr\/wp-json\/wp\/v2\/pages\/708\/revisions"}],"predecessor-version":[{"id":1818,"href":"https:\/\/globalcamping.es\/fr\/wp-json\/wp\/v2\/pages\/708\/revisions\/1818"}],"wp:attachment":[{"href":"https:\/\/globalcamping.es\/fr\/wp-json\/wp\/v2\/media?parent=708"}],"curies":[{"name":"wp","href":"https:\/\/api.w.org\/{rel}","templated":true}]}}